{"id":468,"date":"2022-03-22T18:58:16","date_gmt":"2022-03-22T18:58:16","guid":{"rendered":"https:\/\/trend-baumaschinen.de\/?page_id=468"},"modified":"2024-03-27T12:20:02","modified_gmt":"2024-03-27T12:20:02","slug":"garten","status":"publish","type":"page","link":"https:\/\/trend-baumaschinen.de\/?page_id=468","title":{"rendered":"Garten"},"content":{"rendered":"<div class=\"wp-block-image\">\n<figure class=\"aligncenter size-medium\"><img loading=\"lazy\" decoding=\"async\" width=\"300\" height=\"224\" src=\"https:\/\/trend-baumaschinen.de\/wp-content\/uploads\/2022\/05\/1652594038094-300x224.jpg\" alt=\"\" class=\"wp-image-1503\" srcset=\"https:\/\/trend-baumaschinen.de\/wp-content\/uploads\/2022\/05\/1652594038094-300x224.jpg 300w, https:\/\/trend-baumaschinen.de\/wp-content\/uploads\/2022\/05\/1652594038094-1024x766.jpg 1024w, https:\/\/trend-baumaschinen.de\/wp-content\/uploads\/2022\/05\/1652594038094-768x575.jpg 768w, https:\/\/trend-baumaschinen.de\/wp-content\/uploads\/2022\/05\/1652594038094-1536x1149.jpg 1536w, https:\/\/trend-baumaschinen.de\/wp-content\/uploads\/2022\/05\/1652594038094.jpg 1600w\" sizes=\"(max-width: 300px) 100vw, 300px\" \/><figcaption class=\"wp-element-caption\"><strong>Einachsschlepper \/ Gartenfr\u00e4se Grillo G52<\/strong><\/figcaption><\/figure><\/div>\n\n\n<figure class=\"wp-block-table is-style-stripes\"><table><tbody><tr><td><strong><u>An- und Abtransport<\/u><\/strong><\/td><\/tr><tr><td><br>Transportkosten f\u00fcr Anlieferung und Abholung frei Bordsteinkante<br>werden gesondert berechnet. (Anfahrtspauschale)<\/td><\/tr><\/tbody><\/table><\/figure>\n\n\n\n<figure class=\"wp-block-table is-style-stripes\"><table><tbody><tr><td><strong>Maschinenbruchversicherung<\/strong><\/td><td><\/td><\/tr><tr><td>Alle Mietpreise zzgl. Maschinenbruchversicherung<\/td><td><\/td><\/tr><\/tbody><\/table><\/figure>\n\n\n\n<figure class=\"wp-block-table is-style-stripes\"><table><tbody><tr><td><strong>Treib- und Schmierstoffe<\/strong><\/td><\/tr><tr><td><br>Treib- und Schmierstoffe sind nicht im Mietpreis enthalten und gehen w\u00e4hrend der Miete zu Lasten des Mieters.<\/td><\/tr><\/tbody><\/table><\/figure>\n\n\n\n<figure class=\"wp-block-table is-style-stripes\"><table class=\"has-fixed-layout\"><tbody><tr><td><strong>Tagespreise<\/strong><br><em><strong><strong>Einachsschlepper \/ Gartenfr\u00e4se Grillo G52<\/strong><\/strong><\/em><\/td><td><strong>netto<\/strong><\/td><td><strong>brutto<\/strong><\/td><\/tr><tr><td>1 Tag<\/td><td>50 EUR             <\/td><td>59,50 EUR<\/td><\/tr><tr><td>Kaution<\/td><td>150 EUR<\/td><td><\/td><\/tr><\/tbody><\/table><\/figure>\n\n\n\n<p><a href=\"https:\/\/trend-baumaschinen.de\/wp-content\/uploads\/2024\/03\/Datenblatt-Einachsschlepper-Grillo-52-Mietpark-Graben-25.07.22.pdf\">Datenblatt Einachsschlepper \/ Gartenfr\u00e4se zum Download<\/a><\/p>\n\n\n\n<p class=\"has-text-align-center\"><em>Alle Netto-Preise zzgl. 19% MwSt.<\/em><\/p>\n\n\n\n<h2 class=\"wp-block-heading\">Reservierungsanfrage zum Download (PDF):<\/h2>\n\n\n\n<p class=\"has-text-align-left\">F\u00fcr eine verbindliche Reservierungsanfrage f\u00fcllen Sie bitte unser <a rel=\"noreferrer noopener\" href=\"https:\/\/trend-baumaschinen.de\/?page_id=1416\" target=\"_blank\"><strong>Online-Reservierungsformular<\/strong><\/a> aus.<\/p>\n\n\n\n<p>Alternativ k\u00f6nnen Sie auch unser<strong> <\/strong><a rel=\"noreferrer noopener\" href=\"https:\/\/trend-baumaschinen.de\/wp-content\/uploads\/2022\/03\/Reservierungsanfrage.pdf\" target=\"_blank\">PDF-Reservierungsformular<\/a> downloaden, ausf\u00fcllen und an uns zur\u00fcckmailen. <br>Die Reservierungsbest\u00e4tigung folgt in beiden F\u00e4llen schnellstm\u00f6glich. <\/p>\n\n\n\n<p><br>Selbstverst\u00e4ndlich erhalten Sie weiterhin telefonisch Auskunft \u00fcber die Ger\u00e4teverf\u00fcgbarkeit:  <\/p>\n\n\n\n<p>Telefon:  09145 \/ 575<br>Mobil 1: 0151 \/ 58820865<br>Mobil 2: 0170 \/ 2719491<br><br><\/p>\n\n\n\n<h2 class=\"wp-block-heading\">Beispielbilder:<\/h2>\n\n\n\n<figure class=\"wp-block-gallery has-nested-images columns-default is-cropped wp-block-gallery-1 is-layout-flex wp-block-gallery-is-layout-flex\">\n<figure class=\"wp-block-image\"><img loading=\"lazy\" decoding=\"async\" width=\"1600\" height=\"1197\" data-id=\"1511\" src=\"https:\/\/trend-baumaschinen.de\/wp-content\/uploads\/2022\/05\/1652594038133.jpg\" alt=\"\" class=\"wp-image-1511\" srcset=\"https:\/\/trend-baumaschinen.de\/wp-content\/uploads\/2022\/05\/1652594038133.jpg 1600w, https:\/\/trend-baumaschinen.de\/wp-content\/uploads\/2022\/05\/1652594038133-300x224.jpg 300w, https:\/\/trend-baumaschinen.de\/wp-content\/uploads\/2022\/05\/1652594038133-1024x766.jpg 1024w, https:\/\/trend-baumaschinen.de\/wp-content\/uploads\/2022\/05\/1652594038133-768x575.jpg 768w, https:\/\/trend-baumaschinen.de\/wp-content\/uploads\/2022\/05\/1652594038133-1536x1149.jpg 1536w\" sizes=\"(max-width: 767px) 89vw, (max-width: 1000px) 54vw, (max-width: 1071px) 543px, 580px\" \/><\/figure>\n\n\n\n<figure class=\"wp-block-image\"><img loading=\"lazy\" decoding=\"async\" width=\"1600\" height=\"1197\" data-id=\"1510\" src=\"https:\/\/trend-baumaschinen.de\/wp-content\/uploads\/2022\/05\/1652594038073.jpg\" alt=\"\" class=\"wp-image-1510\" srcset=\"https:\/\/trend-baumaschinen.de\/wp-content\/uploads\/2022\/05\/1652594038073.jpg 1600w, https:\/\/trend-baumaschinen.de\/wp-content\/uploads\/2022\/05\/1652594038073-300x224.jpg 300w, https:\/\/trend-baumaschinen.de\/wp-content\/uploads\/2022\/05\/1652594038073-1024x766.jpg 1024w, https:\/\/trend-baumaschinen.de\/wp-content\/uploads\/2022\/05\/1652594038073-768x575.jpg 768w, https:\/\/trend-baumaschinen.de\/wp-content\/uploads\/2022\/05\/1652594038073-1536x1149.jpg 1536w\" sizes=\"(max-width: 767px) 89vw, (max-width: 1000px) 54vw, (max-width: 1071px) 543px, 580px\" \/><\/figure>\n\n\n\n<figure class=\"wp-block-image\"><img loading=\"lazy\" decoding=\"async\" width=\"1600\" height=\"1197\" data-id=\"1509\" src=\"https:\/\/trend-baumaschinen.de\/wp-content\/uploads\/2022\/05\/1652594038155.jpg\" alt=\"\" class=\"wp-image-1509\" srcset=\"https:\/\/trend-baumaschinen.de\/wp-content\/uploads\/2022\/05\/1652594038155.jpg 1600w, https:\/\/trend-baumaschinen.de\/wp-content\/uploads\/2022\/05\/1652594038155-300x224.jpg 300w, https:\/\/trend-baumaschinen.de\/wp-content\/uploads\/2022\/05\/1652594038155-1024x766.jpg 1024w, https:\/\/trend-baumaschinen.de\/wp-content\/uploads\/2022\/05\/1652594038155-768x575.jpg 768w, https:\/\/trend-baumaschinen.de\/wp-content\/uploads\/2022\/05\/1652594038155-1536x1149.jpg 1536w\" sizes=\"(max-width: 767px) 89vw, (max-width: 1000px) 54vw, (max-width: 1071px) 543px, 580px\" \/><\/figure>\n\n\n\n<figure class=\"wp-block-image\"><img loading=\"lazy\" decoding=\"async\" width=\"1600\" height=\"1197\" data-id=\"1508\" src=\"https:\/\/trend-baumaschinen.de\/wp-content\/uploads\/2022\/05\/1652594038113.jpg\" alt=\"\" class=\"wp-image-1508\" srcset=\"https:\/\/trend-baumaschinen.de\/wp-content\/uploads\/2022\/05\/1652594038113.jpg 1600w, https:\/\/trend-baumaschinen.de\/wp-content\/uploads\/2022\/05\/1652594038113-300x224.jpg 300w, https:\/\/trend-baumaschinen.de\/wp-content\/uploads\/2022\/05\/1652594038113-1024x766.jpg 1024w, https:\/\/trend-baumaschinen.de\/wp-content\/uploads\/2022\/05\/1652594038113-768x575.jpg 768w, https:\/\/trend-baumaschinen.de\/wp-content\/uploads\/2022\/05\/1652594038113-1536x1149.jpg 1536w\" sizes=\"(max-width: 767px) 89vw, (max-width: 1000px) 54vw, (max-width: 1071px) 543px, 580px\" \/><\/figure>\n\n\n\n<figure class=\"wp-block-image\"><img loading=\"lazy\" decoding=\"async\" width=\"1600\" height=\"1197\" data-id=\"1507\" src=\"https:\/\/trend-baumaschinen.de\/wp-content\/uploads\/2022\/05\/1652594038220.jpg\" alt=\"\" class=\"wp-image-1507\" srcset=\"https:\/\/trend-baumaschinen.de\/wp-content\/uploads\/2022\/05\/1652594038220.jpg 1600w, https:\/\/trend-baumaschinen.de\/wp-content\/uploads\/2022\/05\/1652594038220-300x224.jpg 300w, https:\/\/trend-baumaschinen.de\/wp-content\/uploads\/2022\/05\/1652594038220-1024x766.jpg 1024w, https:\/\/trend-baumaschinen.de\/wp-content\/uploads\/2022\/05\/1652594038220-768x575.jpg 768w, https:\/\/trend-baumaschinen.de\/wp-content\/uploads\/2022\/05\/1652594038220-1536x1149.jpg 1536w\" sizes=\"(max-width: 767px) 89vw, (max-width: 1000px) 54vw, (max-width: 1071px) 543px, 580px\" \/><\/figure>\n\n\n\n<figure class=\"wp-block-image\"><img loading=\"lazy\" decoding=\"async\" width=\"1600\" height=\"1197\" data-id=\"1506\" src=\"https:\/\/trend-baumaschinen.de\/wp-content\/uploads\/2022\/05\/1652594038050.jpg\" alt=\"\" class=\"wp-image-1506\" srcset=\"https:\/\/trend-baumaschinen.de\/wp-content\/uploads\/2022\/05\/1652594038050.jpg 1600w, https:\/\/trend-baumaschinen.de\/wp-content\/uploads\/2022\/05\/1652594038050-300x224.jpg 300w, https:\/\/trend-baumaschinen.de\/wp-content\/uploads\/2022\/05\/1652594038050-1024x766.jpg 1024w, https:\/\/trend-baumaschinen.de\/wp-content\/uploads\/2022\/05\/1652594038050-768x575.jpg 768w, https:\/\/trend-baumaschinen.de\/wp-content\/uploads\/2022\/05\/1652594038050-1536x1149.jpg 1536w\" sizes=\"(max-width: 767px) 89vw, (max-width: 1000px) 54vw, (max-width: 1071px) 543px, 580px\" \/><\/figure>\n\n\n\n<figure class=\"wp-block-image\"><img loading=\"lazy\" decoding=\"async\" width=\"1600\" height=\"1197\" data-id=\"1504\" src=\"https:\/\/trend-baumaschinen.de\/wp-content\/uploads\/2022\/05\/1652594038176.jpg\" alt=\"\" class=\"wp-image-1504\" srcset=\"https:\/\/trend-baumaschinen.de\/wp-content\/uploads\/2022\/05\/1652594038176.jpg 1600w, https:\/\/trend-baumaschinen.de\/wp-content\/uploads\/2022\/05\/1652594038176-300x224.jpg 300w, https:\/\/trend-baumaschinen.de\/wp-content\/uploads\/2022\/05\/1652594038176-1024x766.jpg 1024w, https:\/\/trend-baumaschinen.de\/wp-content\/uploads\/2022\/05\/1652594038176-768x575.jpg 768w, https:\/\/trend-baumaschinen.de\/wp-content\/uploads\/2022\/05\/1652594038176-1536x1149.jpg 1536w\" sizes=\"(max-width: 767px) 89vw, (max-width: 1000px) 54vw, (max-width: 1071px) 543px, 580px\" \/><\/figure>\n<\/figure>\n\n\n\n<h2 class=\"wp-block-heading\">Mietbedingungen:<\/h2>\n\n\n\n<p>\u25aa Alle genannten Netto-Preise verstehen sich zzgl. 19% MwSt.<\/p>\n\n\n\n<p>\u25aa<strong> <\/strong>Die Maschine muss gereinigt zur\u00fcck gegeben werden. Andernfalls wird f\u00fcr verschmutzte Maschinen nach Aufwand mit einem Stundenlohn von 80,00 \u20ac (netto)  bzw. 95,20 \u20ac (brutto) pro Stunde zzgl. MwSt. f\u00fcr Reinigungsarbeiten berechnet.<\/p>\n\n\n\n<p>\u25aa Die Mietzeit von 1 Tag basiert auf einer Normalschicht von 8 Betriebsstunden. <\/p>\n\n\n\n<p> \u25aa Antransport und Abtransport frei Bordsteinkante werden gesondert berechnet.<\/p>\n\n\n\n<p>\u25aa Die Maschine wird vollgetankt \u00fcbergeben und muss auch vollgetankt an uns zur\u00fcck gegeben werden, ansonsten wird der Kraftstoffverbrauch in Rechnung gestellt. Treib- und Schmierstoffe sind nicht im Mietpreis enthalten und gehen w\u00e4hrend der Miete zu Lasten des Mieters. Bei Langzeitmieten muss t\u00e4glich abgeschmiert werden.<\/p>\n\n\n\n<p>\u25aa Der Mieter hat die Maschine in unbesch\u00e4digten und betriebsbereiten Zustand zur\u00fcckzugeben, andernfalls wird die Reparatur durch den Vermieter oder einer Fachfirma gegen Berechnung ausgef\u00fchrt.<\/p>\n\n\n\n<p>\u25aa Reifen- bzw. Kettensch\u00e4den sind aus der Maschinenbruchversicherung ausgeschlossen. Das Haftpflichtrisiko ist nicht versichert.<\/p>\n\n\n\n<p>\u25aa Die Selbstbeteiligung je Schaden liegt bei 2.500 \u20ac. Diese wird sofort f\u00e4llig, wenn der Vermieter f\u00fcr den eingetretenen Schadensfall haften muss. <\/p>\n\n\n\n<p>Bei Diebstahl, Einbruch oder Verlust liegt die Selbstbeteiligung bei 30% vom Neuwert. Die Maschine und das mitgemietete Werkzeug sind so zu sichern, dass kein Diebstahl m\u00f6glich ist. Loses Zubeh\u00f6r welches nicht an den Lader angebaut ist, ist bei Diebstahl nicht versichert. Bei Verlust haftet der Mieter in voller H\u00f6he. Ansonsten sind jegliche Sch\u00e4den, die am Mietgegenstand entstehen und die auf ein schuldhaftes Verhalten des Mieters bzw. seiner Erf\u00fcllungsgehilfen zur\u00fcck zu f\u00fchren sind, nicht versichert und gehen im vollen Umfang zu Lasten des Mieters.<\/p>\n\n\n\n<p><strong>Hinweis:<\/strong> Auf gen\u00fcgend Anh\u00e4ngelast des Zugfahrzeuges ist zu achten! Der Unterzeichner best\u00e4tigt, dass er im Besitz einer g\u00fcltigen Fahrerlaubnis f\u00fcr B und BE ist. Bei Selbstabholung ist der Mieter\/Fahrer f\u00fcr die Ladungssicherung (Spanngurte, Ketten etc.) selbst verantwortlich.<\/p>\n\n\n\n<p>Die Einweisung erfolgt nach Mietbeginn.<\/p>\n\n\n\n<p>Der Unterzeichnende best\u00e4tigt mit seiner Unterschrift die Mietbedingungen und Sicherheitsvorschriften der Maschine gelesen und verstanden zu haben.<\/p>\n\n\n\n<p><strong>Wichtig: <\/strong>Maschinen sowie Kleinger\u00e4te aller Art mit einem Wert bis 3.000 \u20ac sind nicht versichert. Im Schadensfall werden die Kosten im vollen Umfang zum Neupreis vom Mieter getragen. Der Vermieter empfiehlt eine Erweiterung des Versicherungsschutzes der Betriebs- bzw. Privathaftpflichtversicherung des Mieters, f\u00fcr das angemietete Ger\u00e4t auf die Dauer der Mietzeit.<\/p>\n","protected":false},"excerpt":{"rendered":"<p>Datenblatt Einachsschlepper \/ Gartenfr\u00e4se zum Download Reservierungsanfrage zum Download (PDF): Beispielbilder: Mietbedingungen: Wichtig: Maschinen sowie Kleinger\u00e4te aller Art mit einem Wert bis 3.000 \u20ac sind nicht versichert. Im Schadensfall werden die Kosten im vollen Umfang zum Neupreis vom Mieter getragen. Der Vermieter empfiehlt eine Erweiterung des Versicherungsschutzes der Betriebs- bzw. Privathaftpflichtversicherung des Mieters, f\u00fcr das &hellip; <\/p>\n<p class=\"link-more\"><a href=\"https:\/\/trend-baumaschinen.de\/?page_id=468\" class=\"more-link\"><span class=\"screen-reader-text\">\u201eGarten\u201c<\/span> weiterlesen<\/a><\/p>\n","protected":false},"author":2,"featured_media":0,"parent":0,"menu_order":9,"comment_status":"closed","ping_status":"closed","template":"","meta":{"footnotes":""},"yoast_head":"<!-- This site is optimized with the Yoast SEO plugin v24.5 - https:\/\/yoast.com\/wordpress\/plugins\/seo\/ -->\n<title>Garten -<\/title>\n<meta name=\"robots\" content=\"index, follow, max-snippet:-1, max-image-preview:large, max-video-preview:-1\" \/>\n<link rel=\"canonical\" href=\"https:\/\/trend-baumaschinen.de\/?page_id=468\" \/>\n<meta property=\"og:locale\" content=\"de_DE\" \/>\n<meta property=\"og:type\" content=\"article\" \/>\n<meta property=\"og:title\" content=\"Garten -\" \/>\n<meta property=\"og:description\" content=\"Datenblatt Einachsschlepper \/ Gartenfr\u00e4se zum Download Reservierungsanfrage zum Download (PDF): Beispielbilder: Mietbedingungen: Wichtig: Maschinen sowie Kleinger\u00e4te aller Art mit einem Wert bis 3.000 \u20ac sind nicht versichert. Im Schadensfall werden die Kosten im vollen Umfang zum Neupreis vom Mieter getragen. Der Vermieter empfiehlt eine Erweiterung des Versicherungsschutzes der Betriebs- bzw. Privathaftpflichtversicherung des Mieters, f\u00fcr das &hellip; \u201eGarten\u201c weiterlesen\" \/>\n<meta property=\"og:url\" content=\"https:\/\/trend-baumaschinen.de\/?page_id=468\" \/>\n<meta property=\"article:publisher\" content=\"https:\/\/www.facebook.com\/Mietpark-schmidtde-100855289279198\" \/>\n<meta property=\"article:modified_time\" content=\"2024-03-27T12:20:02+00:00\" \/>\n<meta property=\"og:image\" content=\"https:\/\/trend-baumaschinen.de\/wp-content\/uploads\/2022\/05\/1652594038094-300x224.jpg\" \/>\n<meta name=\"twitter:card\" content=\"summary_large_image\" \/>\n<meta name=\"twitter:label1\" content=\"Gesch\u00e4tzte Lesezeit\" \/>\n\t<meta name=\"twitter:data1\" content=\"5\u00a0Minuten\" \/>\n<script type=\"application\/ld+json\" class=\"yoast-schema-graph\">{\"@context\":\"https:\/\/schema.org\",\"@graph\":[{\"@type\":\"WebPage\",\"@id\":\"https:\/\/trend-baumaschinen.de\/?page_id=468\",\"url\":\"https:\/\/trend-baumaschinen.de\/?page_id=468\",\"name\":\"Garten -\",\"isPartOf\":{\"@id\":\"https:\/\/trend-baumaschinen.de\/#website\"},\"primaryImageOfPage\":{\"@id\":\"https:\/\/trend-baumaschinen.de\/?page_id=468#primaryimage\"},\"image\":{\"@id\":\"https:\/\/trend-baumaschinen.de\/?page_id=468#primaryimage\"},\"thumbnailUrl\":\"https:\/\/trend-baumaschinen.de\/wp-content\/uploads\/2022\/05\/1652594038094-300x224.jpg\",\"datePublished\":\"2022-03-22T18:58:16+00:00\",\"dateModified\":\"2024-03-27T12:20:02+00:00\",\"breadcrumb\":{\"@id\":\"https:\/\/trend-baumaschinen.de\/?page_id=468#breadcrumb\"},\"inLanguage\":\"de\",\"potentialAction\":[{\"@type\":\"ReadAction\",\"target\":[\"https:\/\/trend-baumaschinen.de\/?page_id=468\"]}]},{\"@type\":\"ImageObject\",\"inLanguage\":\"de\",\"@id\":\"https:\/\/trend-baumaschinen.de\/?page_id=468#primaryimage\",\"url\":\"https:\/\/trend-baumaschinen.de\/wp-content\/uploads\/2022\/05\/1652594038094.jpg\",\"contentUrl\":\"https:\/\/trend-baumaschinen.de\/wp-content\/uploads\/2022\/05\/1652594038094.jpg\",\"width\":1600,\"height\":1197},{\"@type\":\"BreadcrumbList\",\"@id\":\"https:\/\/trend-baumaschinen.de\/?page_id=468#breadcrumb\",\"itemListElement\":[{\"@type\":\"ListItem\",\"position\":1,\"name\":\"Startseite\",\"item\":\"https:\/\/trend-baumaschinen.de\/\"},{\"@type\":\"ListItem\",\"position\":2,\"name\":\"Garten\"}]},{\"@type\":\"WebSite\",\"@id\":\"https:\/\/trend-baumaschinen.de\/#website\",\"url\":\"https:\/\/trend-baumaschinen.de\/\",\"name\":\"\",\"description\":\"Arbeitsb\u00fchnen | Radlader | Minibagger | Baumaschinen | Gartenger\u00e4te |\",\"potentialAction\":[{\"@type\":\"SearchAction\",\"target\":{\"@type\":\"EntryPoint\",\"urlTemplate\":\"https:\/\/trend-baumaschinen.de\/?s={search_term_string}\"},\"query-input\":{\"@type\":\"PropertyValueSpecification\",\"valueRequired\":true,\"valueName\":\"search_term_string\"}}],\"inLanguage\":\"de\"}]}<\/script>\n<!-- \/ Yoast SEO plugin. -->","yoast_head_json":{"title":"Garten -","robots":{"index":"index","follow":"follow","max-snippet":"max-snippet:-1","max-image-preview":"max-image-preview:large","max-video-preview":"max-video-preview:-1"},"canonical":"https:\/\/trend-baumaschinen.de\/?page_id=468","og_locale":"de_DE","og_type":"article","og_title":"Garten -","og_description":"Datenblatt Einachsschlepper \/ Gartenfr\u00e4se zum Download Reservierungsanfrage zum Download (PDF): Beispielbilder: Mietbedingungen: Wichtig: Maschinen sowie Kleinger\u00e4te aller Art mit einem Wert bis 3.000 \u20ac sind nicht versichert. Im Schadensfall werden die Kosten im vollen Umfang zum Neupreis vom Mieter getragen. Der Vermieter empfiehlt eine Erweiterung des Versicherungsschutzes der Betriebs- bzw. Privathaftpflichtversicherung des Mieters, f\u00fcr das &hellip; \u201eGarten\u201c weiterlesen","og_url":"https:\/\/trend-baumaschinen.de\/?page_id=468","article_publisher":"https:\/\/www.facebook.com\/Mietpark-schmidtde-100855289279198","article_modified_time":"2024-03-27T12:20:02+00:00","og_image":[{"url":"https:\/\/trend-baumaschinen.de\/wp-content\/uploads\/2022\/05\/1652594038094-300x224.jpg","type":"","width":"","height":""}],"twitter_card":"summary_large_image","twitter_misc":{"Gesch\u00e4tzte Lesezeit":"5\u00a0Minuten"},"schema":{"@context":"https:\/\/schema.org","@graph":[{"@type":"WebPage","@id":"https:\/\/trend-baumaschinen.de\/?page_id=468","url":"https:\/\/trend-baumaschinen.de\/?page_id=468","name":"Garten -","isPartOf":{"@id":"https:\/\/trend-baumaschinen.de\/#website"},"primaryImageOfPage":{"@id":"https:\/\/trend-baumaschinen.de\/?page_id=468#primaryimage"},"image":{"@id":"https:\/\/trend-baumaschinen.de\/?page_id=468#primaryimage"},"thumbnailUrl":"https:\/\/trend-baumaschinen.de\/wp-content\/uploads\/2022\/05\/1652594038094-300x224.jpg","datePublished":"2022-03-22T18:58:16+00:00","dateModified":"2024-03-27T12:20:02+00:00","breadcrumb":{"@id":"https:\/\/trend-baumaschinen.de\/?page_id=468#breadcrumb"},"inLanguage":"de","potentialAction":[{"@type":"ReadAction","target":["https:\/\/trend-baumaschinen.de\/?page_id=468"]}]},{"@type":"ImageObject","inLanguage":"de","@id":"https:\/\/trend-baumaschinen.de\/?page_id=468#primaryimage","url":"https:\/\/trend-baumaschinen.de\/wp-content\/uploads\/2022\/05\/1652594038094.jpg","contentUrl":"https:\/\/trend-baumaschinen.de\/wp-content\/uploads\/2022\/05\/1652594038094.jpg","width":1600,"height":1197},{"@type":"BreadcrumbList","@id":"https:\/\/trend-baumaschinen.de\/?page_id=468#breadcrumb","itemListElement":[{"@type":"ListItem","position":1,"name":"Startseite","item":"https:\/\/trend-baumaschinen.de\/"},{"@type":"ListItem","position":2,"name":"Garten"}]},{"@type":"WebSite","@id":"https:\/\/trend-baumaschinen.de\/#website","url":"https:\/\/trend-baumaschinen.de\/","name":"","description":"Arbeitsb\u00fchnen | Radlader | Minibagger | Baumaschinen | Gartenger\u00e4te |","potentialAction":[{"@type":"SearchAction","target":{"@type":"EntryPoint","urlTemplate":"https:\/\/trend-baumaschinen.de\/?s={search_term_string}"},"query-input":{"@type":"PropertyValueSpecification","valueRequired":true,"valueName":"search_term_string"}}],"inLanguage":"de"}]}},"_links":{"self":[{"href":"https:\/\/trend-baumaschinen.de\/index.php?rest_route=\/wp\/v2\/pages\/468"}],"collection":[{"href":"https:\/\/trend-baumaschinen.de\/index.php?rest_route=\/wp\/v2\/pages"}],"about":[{"href":"https:\/\/trend-baumaschinen.de\/index.php?rest_route=\/wp\/v2\/types\/page"}],"author":[{"embeddable":true,"href":"https:\/\/trend-baumaschinen.de\/index.php?rest_route=\/wp\/v2\/users\/2"}],"replies":[{"embeddable":true,"href":"https:\/\/trend-baumaschinen.de\/index.php?rest_route=%2Fwp%2Fv2%2Fcomments&post=468"}],"version-history":[{"count":33,"href":"https:\/\/trend-baumaschinen.de\/index.php?rest_route=\/wp\/v2\/pages\/468\/revisions"}],"predecessor-version":[{"id":1905,"href":"https:\/\/trend-baumaschinen.de\/index.php?rest_route=\/wp\/v2\/pages\/468\/revisions\/1905"}],"wp:attachment":[{"href":"https:\/\/trend-baumaschinen.de\/index.php?rest_route=%2Fwp%2Fv2%2Fmedia&parent=468"}],"curies":[{"name":"wp","href":"https:\/\/api.w.org\/{rel}","templated":true}]}}