{"id":54,"date":"2022-03-20T14:03:33","date_gmt":"2022-03-20T14:03:33","guid":{"rendered":"https:\/\/trend-baumaschinen.de\/?page_id=54"},"modified":"2024-03-20T11:55:42","modified_gmt":"2024-03-20T11:55:42","slug":"willkommen-bei-mietpark-schmidt","status":"publish","type":"page","link":"https:\/\/trend-baumaschinen.de\/","title":{"rendered":"Willkommen bei Mietpark Schmidt"},"content":{"rendered":"\n<p>Wir sind Ihr Ansprechpartner in Sachen Baumaschinen- und Kleinger\u00e4tevermietung sowie Kanalreinigung. Unser Standort befindet sich im Dreil\u00e4ndereck Langenaltheim,  der Verbindung von Mittelfranken, Schwaben und Oberbayern. <\/p>\n\n\n\n<p>Damit bedienen wir die kompletten Einzugsgebiete rund um Pappenheim, Langenaltheim, Treuchtlingen , Solnhofen, Monheim, Donau Ries, Wei\u00dfenburg, Gunzenhausen, Eichst\u00e4tt,<\/p>\n\n\n\n<p>Bei uns erhalten Sie Arbeitsb\u00fchnen, Multifunktionslader, Mini- und Kompaktbagger sowie  Baumaschinen und Gartenger\u00e4te. <\/p>\n\n\n\n<p>Au\u00dferdem erhalten Sie von uns Hilfe bei Kanalreinigung und Rohreinigungsarbeiten.<\/p>\n\n\n\n<p>Wir haben das n\u00f6tige Know-how sowie eine gut sortierte Maschinenauswahl f\u00fcr die verschiedensten Anforderungen.<\/p>\n\n\n\n<p>Machen Sie sich gerne ein Bild von unserem Angebot.<\/p>\n\n\n\n<p>Rufen Sie uns an oder schreiben Sie eine Whatsapp-Nachricht oder E-Mail.  Gerne besprechen wir Ihr Anliegen und erstellen Ihnen ein individuelles Angebot f\u00fcr Ihr Vorhaben.<\/p>\n\n\n\n<p><em>Wir bieten folgende Dienstleistungen an:<\/em><br><em>Rohrreinigung, Minibaggerarbeiten, kleinere Schotter- und Erdarbeiten, Mei\u00dfelarbeiten, Baggerarbeiten rund ums Haus, Aushub von Wegen, Terrassen und Pflasterfl\u00e4chen, Gartenbau, Landschaftsbau, Kommunalarbeiten, Aushub f\u00fcr Bepflanzungen, Entfernen von kleineren Baumst\u00fcmpfen, An- &amp; Abtransport von Sch\u00fcttgut (Kleinmengen), alles wahlweise mit oder ohne Maschinenbediener.<\/em><\/p>\n\n\n\n<figure class=\"wp-block-image size-large is-resized\"><img loading=\"lazy\" decoding=\"async\" width=\"1024\" height=\"1024\" src=\"https:\/\/trend-baumaschinen.de\/wp-content\/uploads\/2022\/05\/phone-g421f9952d_1280-1024x1024.png\" alt=\"\" class=\"wp-image-1476\" style=\"width:38px;height:38px\" srcset=\"https:\/\/trend-baumaschinen.de\/wp-content\/uploads\/2022\/05\/phone-g421f9952d_1280-1024x1024.png 1024w, https:\/\/trend-baumaschinen.de\/wp-content\/uploads\/2022\/05\/phone-g421f9952d_1280-300x300.png 300w, https:\/\/trend-baumaschinen.de\/wp-content\/uploads\/2022\/05\/phone-g421f9952d_1280-150x150.png 150w, https:\/\/trend-baumaschinen.de\/wp-content\/uploads\/2022\/05\/phone-g421f9952d_1280-768x768.png 768w, https:\/\/trend-baumaschinen.de\/wp-content\/uploads\/2022\/05\/phone-g421f9952d_1280-100x100.png 100w, https:\/\/trend-baumaschinen.de\/wp-content\/uploads\/2022\/05\/phone-g421f9952d_1280.png 1280w\" sizes=\"(max-width: 767px) 89vw, (max-width: 1000px) 54vw, (max-width: 1071px) 543px, 580px\" \/><\/figure>\n\n\n\n<p>Telefon:  09145 575 <\/p>\n\n\n\n<figure class=\"wp-block-image size-thumbnail is-resized\"><img loading=\"lazy\" decoding=\"async\" width=\"150\" height=\"150\" src=\"https:\/\/trend-baumaschinen.de\/wp-content\/uploads\/2022\/04\/proxy-image-150x150.png\" alt=\"\" class=\"wp-image-1386\" style=\"width:38px;height:38px\" srcset=\"https:\/\/trend-baumaschinen.de\/wp-content\/uploads\/2022\/04\/proxy-image-150x150.png 150w, https:\/\/trend-baumaschinen.de\/wp-content\/uploads\/2022\/04\/proxy-image-298x300.png 298w, https:\/\/trend-baumaschinen.de\/wp-content\/uploads\/2022\/04\/proxy-image-1018x1024.png 1018w, https:\/\/trend-baumaschinen.de\/wp-content\/uploads\/2022\/04\/proxy-image-768x772.png 768w, https:\/\/trend-baumaschinen.de\/wp-content\/uploads\/2022\/04\/proxy-image.png 1200w, https:\/\/trend-baumaschinen.de\/wp-content\/uploads\/2022\/04\/proxy-image-100x100.png 100w\" sizes=\"(max-width: 150px) 100vw, 150px\" \/><\/figure>\n\n\n\n<p>Mobil 1: 0151  58820865 <br>Mobil 2: 0170  2719491<\/p>\n\n\n\n<p><em>(gerne auch WhatsApp-Nachrichten)<\/em><\/p>\n\n\n\n<p>oder<\/p>\n\n\n\n<figure class=\"wp-block-image size-full is-resized\"><img loading=\"lazy\" decoding=\"async\" width=\"800\" height=\"800\" src=\"https:\/\/trend-baumaschinen.de\/wp-content\/uploads\/2022\/05\/briefumschlag-sigel-du060-din-c6-114-x-162-mm-nassklebend-ohne-fenster-weiss-100-g-m-pckg-50.jpg\" alt=\"\" class=\"wp-image-1470\" style=\"width:38px;height:38px\" srcset=\"https:\/\/trend-baumaschinen.de\/wp-content\/uploads\/2022\/05\/briefumschlag-sigel-du060-din-c6-114-x-162-mm-nassklebend-ohne-fenster-weiss-100-g-m-pckg-50.jpg 800w, https:\/\/trend-baumaschinen.de\/wp-content\/uploads\/2022\/05\/briefumschlag-sigel-du060-din-c6-114-x-162-mm-nassklebend-ohne-fenster-weiss-100-g-m-pckg-50-300x300.jpg 300w, https:\/\/trend-baumaschinen.de\/wp-content\/uploads\/2022\/05\/briefumschlag-sigel-du060-din-c6-114-x-162-mm-nassklebend-ohne-fenster-weiss-100-g-m-pckg-50-150x150.jpg 150w, https:\/\/trend-baumaschinen.de\/wp-content\/uploads\/2022\/05\/briefumschlag-sigel-du060-din-c6-114-x-162-mm-nassklebend-ohne-fenster-weiss-100-g-m-pckg-50-768x768.jpg 768w, https:\/\/trend-baumaschinen.de\/wp-content\/uploads\/2022\/05\/briefumschlag-sigel-du060-din-c6-114-x-162-mm-nassklebend-ohne-fenster-weiss-100-g-m-pckg-50-100x100.jpg 100w\" sizes=\"(max-width: 767px) 89vw, (max-width: 1000px) 54vw, (max-width: 1071px) 543px, 580px\" \/><\/figure>\n\n\n\n<p>E-Mail:  kontakt [at] mietpark-schmidt.de<\/p>\n\n\n\n<p>oder besucht uns auf Facebook:  &#8222;Mietpark Schmidt&#8220;<\/p>\n\n\n\n<p><\/p>\n\n\n\n<p><em>Mietpark Schmidt<\/em><br><em>Philipp Schmidt<br>K\u00fchgasse 26<br>91799 Langenaltheim<\/em><\/p>\n\n\n\n<p> <\/p>\n\n\n<div class=\"wp-block-image\">\n<figure class=\"aligncenter size-full\"><img loading=\"lazy\" decoding=\"async\" width=\"907\" height=\"538\" src=\"https:\/\/trend-baumaschinen.de\/wp-content\/uploads\/2023\/04\/Visitenkarte-Guido-neu.png\" alt=\"\" class=\"wp-image-1622\" srcset=\"https:\/\/trend-baumaschinen.de\/wp-content\/uploads\/2023\/04\/Visitenkarte-Guido-neu.png 907w, https:\/\/trend-baumaschinen.de\/wp-content\/uploads\/2023\/04\/Visitenkarte-Guido-neu-300x178.png 300w, https:\/\/trend-baumaschinen.de\/wp-content\/uploads\/2023\/04\/Visitenkarte-Guido-neu-768x456.png 768w\" sizes=\"(max-width: 767px) 89vw, (max-width: 1000px) 54vw, (max-width: 1071px) 543px, 580px\" \/><\/figure><\/div>","protected":false},"excerpt":{"rendered":"<p>Wir sind Ihr Ansprechpartner in Sachen Baumaschinen- und Kleinger\u00e4tevermietung sowie Kanalreinigung. Unser Standort befindet sich im Dreil\u00e4ndereck Langenaltheim, der Verbindung von Mittelfranken, Schwaben und Oberbayern. Damit bedienen wir die kompletten Einzugsgebiete rund um Pappenheim, Langenaltheim, Treuchtlingen , Solnhofen, Monheim, Donau Ries, Wei\u00dfenburg, Gunzenhausen, Eichst\u00e4tt, Bei uns erhalten Sie Arbeitsb\u00fchnen, Multifunktionslader, Mini- und Kompaktbagger sowie Baumaschinen &hellip; <\/p>\n<p class=\"link-more\"><a href=\"https:\/\/trend-baumaschinen.de\/\" class=\"more-link\"><span class=\"screen-reader-text\">\u201eWillkommen bei Mietpark Schmidt\u201c<\/span> weiterlesen<\/a><\/p>\n","protected":false},"author":2,"featured_media":0,"parent":0,"menu_order":0,"comment_status":"closed","ping_status":"closed","template":"","meta":{"footnotes":""},"yoast_head":"<!-- This site is optimized with the Yoast SEO plugin v24.5 - https:\/\/yoast.com\/wordpress\/plugins\/seo\/ -->\n<title>Minibagger und Baumaschinen in Mittelfranken, Oberbayern, Schwaben<\/title>\n<meta name=\"description\" content=\"Bei uns erhalten Sie Arbeitsb\u00fchnen, Multifunktionslader, Mini- und Kompaktbagger sowie Baumaschinen und Gartenger\u00e4te.\" \/>\n<meta name=\"robots\" content=\"index, follow, max-snippet:-1, max-image-preview:large, max-video-preview:-1\" \/>\n<link rel=\"canonical\" href=\"https:\/\/trend-baumaschinen.de\/\" \/>\n<meta property=\"og:locale\" content=\"de_DE\" \/>\n<meta property=\"og:type\" content=\"article\" \/>\n<meta property=\"og:title\" content=\"Minibagger und Baumaschinen in Mittelfranken, Oberbayern, Schwaben\" \/>\n<meta property=\"og:description\" content=\"Bei uns erhalten Sie Arbeitsb\u00fchnen, Multifunktionslader, Mini- und Kompaktbagger sowie Baumaschinen und Gartenger\u00e4te.\" \/>\n<meta property=\"og:url\" content=\"https:\/\/trend-baumaschinen.de\/\" \/>\n<meta property=\"article:publisher\" content=\"https:\/\/www.facebook.com\/Mietpark-schmidtde-100855289279198\" \/>\n<meta property=\"article:modified_time\" content=\"2024-03-20T11:55:42+00:00\" \/>\n<meta property=\"og:image\" content=\"https:\/\/trend-baumaschinen.de\/wp-content\/uploads\/2022\/05\/phone-g421f9952d_1280-1024x1024.png\" \/>\n<meta name=\"twitter:card\" content=\"summary_large_image\" \/>\n<meta name=\"twitter:label1\" content=\"Gesch\u00e4tzte Lesezeit\" \/>\n\t<meta name=\"twitter:data1\" content=\"2\u00a0Minuten\" \/>\n<script type=\"application\/ld+json\" class=\"yoast-schema-graph\">{\"@context\":\"https:\/\/schema.org\",\"@graph\":[{\"@type\":\"WebPage\",\"@id\":\"https:\/\/trend-baumaschinen.de\/\",\"url\":\"https:\/\/trend-baumaschinen.de\/\",\"name\":\"Minibagger und Baumaschinen in Mittelfranken, Oberbayern, Schwaben\",\"isPartOf\":{\"@id\":\"https:\/\/trend-baumaschinen.de\/#website\"},\"primaryImageOfPage\":{\"@id\":\"https:\/\/trend-baumaschinen.de\/#primaryimage\"},\"image\":{\"@id\":\"https:\/\/trend-baumaschinen.de\/#primaryimage\"},\"thumbnailUrl\":\"https:\/\/trend-baumaschinen.de\/wp-content\/uploads\/2022\/05\/phone-g421f9952d_1280-1024x1024.png\",\"datePublished\":\"2022-03-20T14:03:33+00:00\",\"dateModified\":\"2024-03-20T11:55:42+00:00\",\"description\":\"Bei uns erhalten Sie Arbeitsb\u00fchnen, Multifunktionslader, Mini- und Kompaktbagger sowie Baumaschinen und Gartenger\u00e4te.\",\"breadcrumb\":{\"@id\":\"https:\/\/trend-baumaschinen.de\/#breadcrumb\"},\"inLanguage\":\"de\",\"potentialAction\":[{\"@type\":\"ReadAction\",\"target\":[\"https:\/\/trend-baumaschinen.de\/\"]}]},{\"@type\":\"ImageObject\",\"inLanguage\":\"de\",\"@id\":\"https:\/\/trend-baumaschinen.de\/#primaryimage\",\"url\":\"https:\/\/trend-baumaschinen.de\/wp-content\/uploads\/2022\/05\/phone-g421f9952d_1280.png\",\"contentUrl\":\"https:\/\/trend-baumaschinen.de\/wp-content\/uploads\/2022\/05\/phone-g421f9952d_1280.png\",\"width\":1280,\"height\":1280},{\"@type\":\"BreadcrumbList\",\"@id\":\"https:\/\/trend-baumaschinen.de\/#breadcrumb\",\"itemListElement\":[{\"@type\":\"ListItem\",\"position\":1,\"name\":\"Startseite\",\"item\":\"https:\/\/trend-baumaschinen.de\/\"},{\"@type\":\"ListItem\",\"position\":2,\"name\":\"Willkommen bei Mietpark Schmidt\"}]},{\"@type\":\"WebSite\",\"@id\":\"https:\/\/trend-baumaschinen.de\/#website\",\"url\":\"https:\/\/trend-baumaschinen.de\/\",\"name\":\"\",\"description\":\"Arbeitsb\u00fchnen | Radlader | Minibagger | Baumaschinen | Gartenger\u00e4te |\",\"potentialAction\":[{\"@type\":\"SearchAction\",\"target\":{\"@type\":\"EntryPoint\",\"urlTemplate\":\"https:\/\/trend-baumaschinen.de\/?s={search_term_string}\"},\"query-input\":{\"@type\":\"PropertyValueSpecification\",\"valueRequired\":true,\"valueName\":\"search_term_string\"}}],\"inLanguage\":\"de\"}]}<\/script>\n<!-- \/ Yoast SEO plugin. -->","yoast_head_json":{"title":"Minibagger und Baumaschinen in Mittelfranken, Oberbayern, Schwaben","description":"Bei uns erhalten Sie Arbeitsb\u00fchnen, Multifunktionslader, Mini- und Kompaktbagger sowie Baumaschinen und Gartenger\u00e4te.","robots":{"index":"index","follow":"follow","max-snippet":"max-snippet:-1","max-image-preview":"max-image-preview:large","max-video-preview":"max-video-preview:-1"},"canonical":"https:\/\/trend-baumaschinen.de\/","og_locale":"de_DE","og_type":"article","og_title":"Minibagger und Baumaschinen in Mittelfranken, Oberbayern, Schwaben","og_description":"Bei uns erhalten Sie Arbeitsb\u00fchnen, Multifunktionslader, Mini- und Kompaktbagger sowie Baumaschinen und Gartenger\u00e4te.","og_url":"https:\/\/trend-baumaschinen.de\/","article_publisher":"https:\/\/www.facebook.com\/Mietpark-schmidtde-100855289279198","article_modified_time":"2024-03-20T11:55:42+00:00","og_image":[{"url":"https:\/\/trend-baumaschinen.de\/wp-content\/uploads\/2022\/05\/phone-g421f9952d_1280-1024x1024.png","type":"","width":"","height":""}],"twitter_card":"summary_large_image","twitter_misc":{"Gesch\u00e4tzte Lesezeit":"2\u00a0Minuten"},"schema":{"@context":"https:\/\/schema.org","@graph":[{"@type":"WebPage","@id":"https:\/\/trend-baumaschinen.de\/","url":"https:\/\/trend-baumaschinen.de\/","name":"Minibagger und Baumaschinen in Mittelfranken, Oberbayern, Schwaben","isPartOf":{"@id":"https:\/\/trend-baumaschinen.de\/#website"},"primaryImageOfPage":{"@id":"https:\/\/trend-baumaschinen.de\/#primaryimage"},"image":{"@id":"https:\/\/trend-baumaschinen.de\/#primaryimage"},"thumbnailUrl":"https:\/\/trend-baumaschinen.de\/wp-content\/uploads\/2022\/05\/phone-g421f9952d_1280-1024x1024.png","datePublished":"2022-03-20T14:03:33+00:00","dateModified":"2024-03-20T11:55:42+00:00","description":"Bei uns erhalten Sie Arbeitsb\u00fchnen, Multifunktionslader, Mini- und Kompaktbagger sowie Baumaschinen und Gartenger\u00e4te.","breadcrumb":{"@id":"https:\/\/trend-baumaschinen.de\/#breadcrumb"},"inLanguage":"de","potentialAction":[{"@type":"ReadAction","target":["https:\/\/trend-baumaschinen.de\/"]}]},{"@type":"ImageObject","inLanguage":"de","@id":"https:\/\/trend-baumaschinen.de\/#primaryimage","url":"https:\/\/trend-baumaschinen.de\/wp-content\/uploads\/2022\/05\/phone-g421f9952d_1280.png","contentUrl":"https:\/\/trend-baumaschinen.de\/wp-content\/uploads\/2022\/05\/phone-g421f9952d_1280.png","width":1280,"height":1280},{"@type":"BreadcrumbList","@id":"https:\/\/trend-baumaschinen.de\/#breadcrumb","itemListElement":[{"@type":"ListItem","position":1,"name":"Startseite","item":"https:\/\/trend-baumaschinen.de\/"},{"@type":"ListItem","position":2,"name":"Willkommen bei Mietpark Schmidt"}]},{"@type":"WebSite","@id":"https:\/\/trend-baumaschinen.de\/#website","url":"https:\/\/trend-baumaschinen.de\/","name":"","description":"Arbeitsb\u00fchnen | Radlader | Minibagger | Baumaschinen | Gartenger\u00e4te |","potentialAction":[{"@type":"SearchAction","target":{"@type":"EntryPoint","urlTemplate":"https:\/\/trend-baumaschinen.de\/?s={search_term_string}"},"query-input":{"@type":"PropertyValueSpecification","valueRequired":true,"valueName":"search_term_string"}}],"inLanguage":"de"}]}},"_links":{"self":[{"href":"https:\/\/trend-baumaschinen.de\/index.php?rest_route=\/wp\/v2\/pages\/54"}],"collection":[{"href":"https:\/\/trend-baumaschinen.de\/index.php?rest_route=\/wp\/v2\/pages"}],"about":[{"href":"https:\/\/trend-baumaschinen.de\/index.php?rest_route=\/wp\/v2\/types\/page"}],"author":[{"embeddable":true,"href":"https:\/\/trend-baumaschinen.de\/index.php?rest_route=\/wp\/v2\/users\/2"}],"replies":[{"embeddable":true,"href":"https:\/\/trend-baumaschinen.de\/index.php?rest_route=%2Fwp%2Fv2%2Fcomments&post=54"}],"version-history":[{"count":48,"href":"https:\/\/trend-baumaschinen.de\/index.php?rest_route=\/wp\/v2\/pages\/54\/revisions"}],"predecessor-version":[{"id":1785,"href":"https:\/\/trend-baumaschinen.de\/index.php?rest_route=\/wp\/v2\/pages\/54\/revisions\/1785"}],"wp:attachment":[{"href":"https:\/\/trend-baumaschinen.de\/index.php?rest_route=%2Fwp%2Fv2%2Fmedia&parent=54"}],"curies":[{"name":"wp","href":"https:\/\/api.w.org\/{rel}","templated":true}]}}